{"id":4394,"date":"2025-06-23T17:06:53","date_gmt":"2025-06-23T15:06:53","guid":{"rendered":"https:\/\/maychoco.es\/?post_type=product&#038;p=4394"},"modified":"2026-04-13T00:40:02","modified_gmt":"2026-04-12T22:40:02","slug":"crema-untable-de-cacao","status":"publish","type":"product","link":"https:\/\/maychoco.es\/producto\/crema-untable-de-cacao\/","title":{"rendered":"Crema untable de cacao"},"content":{"rendered":"<p>Elaborada en nuestro obrador bajo la filosof\u00eda bean to bar, esta crema untable de cacao destaca por su sabor aut\u00e9ntico y su cuidada selecci\u00f3n de ingredientes.<\/p>\n<p>Contiene almendra nacional tostada, cacao puro 100%, az\u00facar moreno de ca\u00f1a, aceite de oliva virgen extra ecol\u00f3gico con lim\u00f3n (Finca La Torre) y manteca de cacao natural.<\/p>\n<p>Una receta equilibrada, sin aditivos ni conservantes, pensada para quienes buscan un producto natural, saludable y con personalidad. Ideal para untar, usar en reposter\u00eda o disfrutar sola.<\/p>\n","protected":false},"excerpt":{"rendered":"<p>Elaborada en nuestro obrador bajo la filosof\u00eda bean to bar, esta crema untable de cacao destaca por su sabor aut\u00e9ntico y su cuidada selecci\u00f3n de ingredientes. Contiene almendra nacional tostada, cacao puro 100%, az\u00facar moreno de ca\u00f1a, aceite de oliva virgen extra ecol\u00f3gico con lim\u00f3n (Finca La Torre) y manteca de cacao natural. Una receta&#8230;<\/p>\n","protected":false},"featured_media":4379,"comment_status":"closed","ping_status":"closed","template":"","meta":{"_acf_changed":false},"product_brand":[],"product_cat":[21,19],"product_tag":[],"class_list":{"0":"post-4394","1":"product","2":"type-product","3":"status-publish","4":"has-post-thumbnail","6":"product_cat-chocolate-negro","7":"product_cat-especialidades","9":"first","10":"instock","11":"featured","12":"taxable","13":"shipping-taxable","14":"purchasable","15":"product-type-simple"},"acf":[],"yoast_head":"<!-- This site is optimized with the Yoast SEO plugin v27.4 - https:\/\/yoast.com\/product\/yoast-seo-wordpress\/ -->\n<title>Crema untable de cacao - Maychoco<\/title>\n<meta name=\"robots\" content=\"noindex, follow\" \/>\n<meta property=\"og:locale\" content=\"en_US\" \/>\n<meta property=\"og:type\" content=\"article\" \/>\n<meta property=\"og:title\" content=\"Crema untable de cacao - Maychoco\" \/>\n<meta property=\"og:description\" content=\"Elaborada en nuestro obrador bajo la filosof\u00eda bean to bar, esta crema untable de cacao destaca por su sabor aut\u00e9ntico y su cuidada selecci\u00f3n de ingredientes. Contiene almendra nacional tostada, cacao puro 100%, az\u00facar moreno de ca\u00f1a, aceite de oliva virgen extra ecol\u00f3gico con lim\u00f3n (Finca La Torre) y manteca de cacao natural. Una receta...\" \/>\n<meta property=\"og:url\" content=\"https:\/\/maychoco.es\/producto\/crema-untable-de-cacao\/\" \/>\n<meta property=\"og:site_name\" content=\"Maychoco\" \/>\n<meta property=\"article:publisher\" content=\"https:\/\/www.facebook.com\/CHOCOLATESMAYCHOCO\/?locale=es_ES\" \/>\n<meta property=\"article:modified_time\" content=\"2026-04-12T22:40:02+00:00\" \/>\n<meta property=\"og:image\" content=\"https:\/\/maychoco.es\/wp-content\/uploads\/2025\/06\/crema-de-cacao-vertical.jpeg\" \/>\n\t<meta property=\"og:image:width\" content=\"1069\" \/>\n\t<meta property=\"og:image:height\" content=\"1600\" \/>\n\t<meta property=\"og:image:type\" content=\"image\/jpeg\" \/>\n<meta name=\"twitter:card\" content=\"summary_large_image\" \/>\n<meta name=\"twitter:label1\" content=\"Est. reading time\" \/>\n\t<meta name=\"twitter:data1\" content=\"1 minute\" \/>\n<script type=\"application\/ld+json\" class=\"yoast-schema-graph\">{\"@context\":\"https:\\\/\\\/schema.org\",\"@graph\":[{\"@type\":\"WebPage\",\"@id\":\"https:\\\/\\\/maychoco.es\\\/producto\\\/crema-untable-de-cacao\\\/\",\"url\":\"https:\\\/\\\/maychoco.es\\\/producto\\\/crema-untable-de-cacao\\\/\",\"name\":\"Crema untable de cacao - Maychoco\",\"isPartOf\":{\"@id\":\"https:\\\/\\\/maychoco.es\\\/en\\\/#website\"},\"primaryImageOfPage\":{\"@id\":\"https:\\\/\\\/maychoco.es\\\/producto\\\/crema-untable-de-cacao\\\/#primaryimage\"},\"image\":{\"@id\":\"https:\\\/\\\/maychoco.es\\\/producto\\\/crema-untable-de-cacao\\\/#primaryimage\"},\"thumbnailUrl\":\"https:\\\/\\\/maychoco.es\\\/wp-content\\\/uploads\\\/2025\\\/06\\\/crema-de-cacao-vertical.jpeg\",\"datePublished\":\"2025-06-23T15:06:53+00:00\",\"dateModified\":\"2026-04-12T22:40:02+00:00\",\"breadcrumb\":{\"@id\":\"https:\\\/\\\/maychoco.es\\\/producto\\\/crema-untable-de-cacao\\\/#breadcrumb\"},\"inLanguage\":\"en-US\",\"potentialAction\":[{\"@type\":\"ReadAction\",\"target\":[\"https:\\\/\\\/maychoco.es\\\/producto\\\/crema-untable-de-cacao\\\/\"]}]},{\"@type\":\"ImageObject\",\"inLanguage\":\"en-US\",\"@id\":\"https:\\\/\\\/maychoco.es\\\/producto\\\/crema-untable-de-cacao\\\/#primaryimage\",\"url\":\"https:\\\/\\\/maychoco.es\\\/wp-content\\\/uploads\\\/2025\\\/06\\\/crema-de-cacao-vertical.jpeg\",\"contentUrl\":\"https:\\\/\\\/maychoco.es\\\/wp-content\\\/uploads\\\/2025\\\/06\\\/crema-de-cacao-vertical.jpeg\",\"width\":1069,\"height\":1600},{\"@type\":\"BreadcrumbList\",\"@id\":\"https:\\\/\\\/maychoco.es\\\/producto\\\/crema-untable-de-cacao\\\/#breadcrumb\",\"itemListElement\":[{\"@type\":\"ListItem\",\"position\":1,\"name\":\"Portada\",\"item\":\"https:\\\/\\\/maychoco.es\\\/en\\\/home\\\/\"},{\"@type\":\"ListItem\",\"position\":2,\"name\":\"Shop\",\"item\":\"https:\\\/\\\/maychoco.es\\\/shop\\\/\"},{\"@type\":\"ListItem\",\"position\":3,\"name\":\"Crema untable de cacao\"}]},{\"@type\":\"WebSite\",\"@id\":\"https:\\\/\\\/maychoco.es\\\/en\\\/#website\",\"url\":\"https:\\\/\\\/maychoco.es\\\/en\\\/\",\"name\":\"Maychoco\",\"description\":\"Obrador de chocolate Bean to Bar\",\"publisher\":{\"@id\":\"https:\\\/\\\/maychoco.es\\\/en\\\/#organization\"},\"potentialAction\":[{\"@type\":\"SearchAction\",\"target\":{\"@type\":\"EntryPoint\",\"urlTemplate\":\"https:\\\/\\\/maychoco.es\\\/en\\\/?s={search_term_string}\"},\"query-input\":{\"@type\":\"PropertyValueSpecification\",\"valueRequired\":true,\"valueName\":\"search_term_string\"}}],\"inLanguage\":\"en-US\"},{\"@type\":\"Organization\",\"@id\":\"https:\\\/\\\/maychoco.es\\\/en\\\/#organization\",\"name\":\"Maychoco\",\"url\":\"https:\\\/\\\/maychoco.es\\\/en\\\/\",\"logo\":{\"@type\":\"ImageObject\",\"inLanguage\":\"en-US\",\"@id\":\"https:\\\/\\\/maychoco.es\\\/en\\\/#\\\/schema\\\/logo\\\/image\\\/\",\"url\":\"https:\\\/\\\/maychoco.es\\\/wp-content\\\/uploads\\\/2025\\\/02\\\/logo1-e1738929401588.png\",\"contentUrl\":\"https:\\\/\\\/maychoco.es\\\/wp-content\\\/uploads\\\/2025\\\/02\\\/logo1-e1738929401588.png\",\"width\":551,\"height\":414,\"caption\":\"Maychoco\"},\"image\":{\"@id\":\"https:\\\/\\\/maychoco.es\\\/en\\\/#\\\/schema\\\/logo\\\/image\\\/\"},\"sameAs\":[\"https:\\\/\\\/www.facebook.com\\\/CHOCOLATESMAYCHOCO\\\/?locale=es_ES\",\"https:\\\/\\\/www.instagram.com\\\/chocolatesmaychoco\\\/\"]}]}<\/script>\n<!-- \/ Yoast SEO plugin. -->","yoast_head_json":{"title":"Crema untable de cacao - Maychoco","robots":{"index":"noindex","follow":"follow"},"og_locale":"en_US","og_type":"article","og_title":"Crema untable de cacao - Maychoco","og_description":"Elaborada en nuestro obrador bajo la filosof\u00eda bean to bar, esta crema untable de cacao destaca por su sabor aut\u00e9ntico y su cuidada selecci\u00f3n de ingredientes. Contiene almendra nacional tostada, cacao puro 100%, az\u00facar moreno de ca\u00f1a, aceite de oliva virgen extra ecol\u00f3gico con lim\u00f3n (Finca La Torre) y manteca de cacao natural. Una receta...","og_url":"https:\/\/maychoco.es\/producto\/crema-untable-de-cacao\/","og_site_name":"Maychoco","article_publisher":"https:\/\/www.facebook.com\/CHOCOLATESMAYCHOCO\/?locale=es_ES","article_modified_time":"2026-04-12T22:40:02+00:00","og_image":[{"width":1069,"height":1600,"url":"https:\/\/maychoco.es\/wp-content\/uploads\/2025\/06\/crema-de-cacao-vertical.jpeg","type":"image\/jpeg"}],"twitter_card":"summary_large_image","twitter_misc":{"Est. reading time":"1 minute"},"schema":{"@context":"https:\/\/schema.org","@graph":[{"@type":"WebPage","@id":"https:\/\/maychoco.es\/producto\/crema-untable-de-cacao\/","url":"https:\/\/maychoco.es\/producto\/crema-untable-de-cacao\/","name":"Crema untable de cacao - Maychoco","isPartOf":{"@id":"https:\/\/maychoco.es\/en\/#website"},"primaryImageOfPage":{"@id":"https:\/\/maychoco.es\/producto\/crema-untable-de-cacao\/#primaryimage"},"image":{"@id":"https:\/\/maychoco.es\/producto\/crema-untable-de-cacao\/#primaryimage"},"thumbnailUrl":"https:\/\/maychoco.es\/wp-content\/uploads\/2025\/06\/crema-de-cacao-vertical.jpeg","datePublished":"2025-06-23T15:06:53+00:00","dateModified":"2026-04-12T22:40:02+00:00","breadcrumb":{"@id":"https:\/\/maychoco.es\/producto\/crema-untable-de-cacao\/#breadcrumb"},"inLanguage":"en-US","potentialAction":[{"@type":"ReadAction","target":["https:\/\/maychoco.es\/producto\/crema-untable-de-cacao\/"]}]},{"@type":"ImageObject","inLanguage":"en-US","@id":"https:\/\/maychoco.es\/producto\/crema-untable-de-cacao\/#primaryimage","url":"https:\/\/maychoco.es\/wp-content\/uploads\/2025\/06\/crema-de-cacao-vertical.jpeg","contentUrl":"https:\/\/maychoco.es\/wp-content\/uploads\/2025\/06\/crema-de-cacao-vertical.jpeg","width":1069,"height":1600},{"@type":"BreadcrumbList","@id":"https:\/\/maychoco.es\/producto\/crema-untable-de-cacao\/#breadcrumb","itemListElement":[{"@type":"ListItem","position":1,"name":"Portada","item":"https:\/\/maychoco.es\/en\/home\/"},{"@type":"ListItem","position":2,"name":"Shop","item":"https:\/\/maychoco.es\/shop\/"},{"@type":"ListItem","position":3,"name":"Crema untable de cacao"}]},{"@type":"WebSite","@id":"https:\/\/maychoco.es\/en\/#website","url":"https:\/\/maychoco.es\/en\/","name":"Maychoco","description":"Obrador de chocolate Bean to Bar","publisher":{"@id":"https:\/\/maychoco.es\/en\/#organization"},"potentialAction":[{"@type":"SearchAction","target":{"@type":"EntryPoint","urlTemplate":"https:\/\/maychoco.es\/en\/?s={search_term_string}"},"query-input":{"@type":"PropertyValueSpecification","valueRequired":true,"valueName":"search_term_string"}}],"inLanguage":"en-US"},{"@type":"Organization","@id":"https:\/\/maychoco.es\/en\/#organization","name":"Maychoco","url":"https:\/\/maychoco.es\/en\/","logo":{"@type":"ImageObject","inLanguage":"en-US","@id":"https:\/\/maychoco.es\/en\/#\/schema\/logo\/image\/","url":"https:\/\/maychoco.es\/wp-content\/uploads\/2025\/02\/logo1-e1738929401588.png","contentUrl":"https:\/\/maychoco.es\/wp-content\/uploads\/2025\/02\/logo1-e1738929401588.png","width":551,"height":414,"caption":"Maychoco"},"image":{"@id":"https:\/\/maychoco.es\/en\/#\/schema\/logo\/image\/"},"sameAs":["https:\/\/www.facebook.com\/CHOCOLATESMAYCHOCO\/?locale=es_ES","https:\/\/www.instagram.com\/chocolatesmaychoco\/"]}]}},"_links":{"self":[{"href":"https:\/\/maychoco.es\/en\/wp-json\/wp\/v2\/product\/4394","targetHints":{"allow":["GET"]}}],"collection":[{"href":"https:\/\/maychoco.es\/en\/wp-json\/wp\/v2\/product"}],"about":[{"href":"https:\/\/maychoco.es\/en\/wp-json\/wp\/v2\/types\/product"}],"replies":[{"embeddable":true,"href":"https:\/\/maychoco.es\/en\/wp-json\/wp\/v2\/comments?post=4394"}],"wp:featuredmedia":[{"embeddable":true,"href":"https:\/\/maychoco.es\/en\/wp-json\/wp\/v2\/media\/4379"}],"wp:attachment":[{"href":"https:\/\/maychoco.es\/en\/wp-json\/wp\/v2\/media?parent=4394"}],"wp:term":[{"taxonomy":"product_brand","embeddable":true,"href":"https:\/\/maychoco.es\/en\/wp-json\/wp\/v2\/product_brand?post=4394"},{"taxonomy":"product_cat","embeddable":true,"href":"https:\/\/maychoco.es\/en\/wp-json\/wp\/v2\/product_cat?post=4394"},{"taxonomy":"product_tag","embeddable":true,"href":"https:\/\/maychoco.es\/en\/wp-json\/wp\/v2\/product_tag?post=4394"}],"curies":[{"name":"wp","href":"https:\/\/api.w.org\/{rel}","templated":true}]}}