{"id":4896,"date":"2025-11-20T20:18:51","date_gmt":"2025-11-20T18:18:51","guid":{"rendered":"https:\/\/maychoco.es\/?post_type=product&#038;p=4896"},"modified":"2026-02-17T18:01:43","modified_gmt":"2026-02-17T16:01:43","slug":"tableta-de-chocolate-74-india","status":"publish","type":"product","link":"https:\/\/maychoco.es\/producto\/tableta-de-chocolate-74-india\/","title":{"rendered":"Tableta de Chocolate 74% India"},"content":{"rendered":"<p>Un chocolate artesanal elaborado con cacao 74% de origen India, conocido por su perfil intenso y especiado. Destaca por su car\u00e1cter profundo, notas ligeramente terrosas y un equilibrio perfecto entre amargor y aromas c\u00e1lidos caracter\u00edsticos de esta regi\u00f3n cacaotera.<\/p>\n<p>Una tableta para quienes disfrutan de un chocolate negro potente, elegante y lleno de matices naturales.<\/p>\n<p>Peso neto: 70 g<\/p>\n","protected":false},"excerpt":{"rendered":"<p>Un chocolate artesanal elaborado con cacao 74% de origen India, conocido por su perfil intenso y especiado. Destaca por su car\u00e1cter profundo, notas ligeramente terrosas y un equilibrio perfecto entre amargor y aromas c\u00e1lidos caracter\u00edsticos de esta regi\u00f3n cacaotera. Una tableta para quienes disfrutan de un chocolate negro potente, elegante y lleno de matices naturales&#8230;.<\/p>\n","protected":false},"featured_media":5192,"comment_status":"closed","ping_status":"closed","template":"","meta":{"_acf_changed":false},"product_brand":[],"product_cat":[21,18],"product_tag":[],"class_list":{"0":"post-4896","1":"product","2":"type-product","3":"status-publish","4":"has-post-thumbnail","6":"product_cat-chocolate-negro","7":"product_cat-tabletas","9":"first","10":"instock","11":"taxable","12":"shipping-taxable","13":"purchasable","14":"product-type-simple"},"acf":[],"yoast_head":"<!-- This site is optimized with the Yoast SEO plugin v27.4 - https:\/\/yoast.com\/product\/yoast-seo-wordpress\/ -->\n<title>Tableta de Chocolate 74% India - Maychoco<\/title>\n<meta name=\"description\" content=\"Un chocolate artesanal malague\u00f1o elaborado con cacao 74% de origen India. - Pruebalo ya!\" \/>\n<meta name=\"robots\" content=\"noindex, follow\" \/>\n<meta property=\"og:locale\" content=\"en_US\" \/>\n<meta property=\"og:type\" content=\"article\" \/>\n<meta property=\"og:title\" content=\"Tableta de Chocolate 74% India - Maychoco\" \/>\n<meta property=\"og:description\" content=\"Un chocolate artesanal malague\u00f1o elaborado con cacao 74% de origen India. - Pruebalo ya!\" \/>\n<meta property=\"og:url\" content=\"https:\/\/maychoco.es\/producto\/tableta-de-chocolate-74-india\/\" \/>\n<meta property=\"og:site_name\" content=\"Maychoco\" \/>\n<meta property=\"article:publisher\" content=\"https:\/\/www.facebook.com\/CHOCOLATESMAYCHOCO\/?locale=es_ES\" \/>\n<meta property=\"article:modified_time\" content=\"2026-02-17T16:01:43+00:00\" \/>\n<meta property=\"og:image\" content=\"https:\/\/maychoco.es\/wp-content\/uploads\/2025\/11\/MAYCHOCO-india-con-tableta-scaled.jpg\" \/>\n\t<meta property=\"og:image:width\" content=\"1920\" \/>\n\t<meta property=\"og:image:height\" content=\"1440\" \/>\n\t<meta property=\"og:image:type\" content=\"image\/jpeg\" \/>\n<meta name=\"twitter:card\" content=\"summary_large_image\" \/>\n<meta name=\"twitter:label1\" content=\"Est. reading time\" \/>\n\t<meta name=\"twitter:data1\" content=\"1 minute\" \/>\n<script type=\"application\/ld+json\" class=\"yoast-schema-graph\">{\"@context\":\"https:\\\/\\\/schema.org\",\"@graph\":[{\"@type\":\"WebPage\",\"@id\":\"https:\\\/\\\/maychoco.es\\\/producto\\\/tableta-de-chocolate-74-india\\\/\",\"url\":\"https:\\\/\\\/maychoco.es\\\/producto\\\/tableta-de-chocolate-74-india\\\/\",\"name\":\"Tableta de Chocolate 74% India - Maychoco\",\"isPartOf\":{\"@id\":\"https:\\\/\\\/maychoco.es\\\/en\\\/#website\"},\"primaryImageOfPage\":{\"@id\":\"https:\\\/\\\/maychoco.es\\\/producto\\\/tableta-de-chocolate-74-india\\\/#primaryimage\"},\"image\":{\"@id\":\"https:\\\/\\\/maychoco.es\\\/producto\\\/tableta-de-chocolate-74-india\\\/#primaryimage\"},\"thumbnailUrl\":\"https:\\\/\\\/maychoco.es\\\/wp-content\\\/uploads\\\/2025\\\/11\\\/MAYCHOCO-india-con-tableta-scaled.jpg\",\"datePublished\":\"2025-11-20T18:18:51+00:00\",\"dateModified\":\"2026-02-17T16:01:43+00:00\",\"description\":\"Un chocolate artesanal malague\u00f1o elaborado con cacao 74% de origen India. - Pruebalo ya!\",\"breadcrumb\":{\"@id\":\"https:\\\/\\\/maychoco.es\\\/producto\\\/tableta-de-chocolate-74-india\\\/#breadcrumb\"},\"inLanguage\":\"en-US\",\"potentialAction\":[{\"@type\":\"ReadAction\",\"target\":[\"https:\\\/\\\/maychoco.es\\\/producto\\\/tableta-de-chocolate-74-india\\\/\"]}]},{\"@type\":\"ImageObject\",\"inLanguage\":\"en-US\",\"@id\":\"https:\\\/\\\/maychoco.es\\\/producto\\\/tableta-de-chocolate-74-india\\\/#primaryimage\",\"url\":\"https:\\\/\\\/maychoco.es\\\/wp-content\\\/uploads\\\/2025\\\/11\\\/MAYCHOCO-india-con-tableta-scaled.jpg\",\"contentUrl\":\"https:\\\/\\\/maychoco.es\\\/wp-content\\\/uploads\\\/2025\\\/11\\\/MAYCHOCO-india-con-tableta-scaled.jpg\",\"width\":1920,\"height\":1440},{\"@type\":\"BreadcrumbList\",\"@id\":\"https:\\\/\\\/maychoco.es\\\/producto\\\/tableta-de-chocolate-74-india\\\/#breadcrumb\",\"itemListElement\":[{\"@type\":\"ListItem\",\"position\":1,\"name\":\"Portada\",\"item\":\"https:\\\/\\\/maychoco.es\\\/en\\\/home\\\/\"},{\"@type\":\"ListItem\",\"position\":2,\"name\":\"Shop\",\"item\":\"https:\\\/\\\/maychoco.es\\\/shop\\\/\"},{\"@type\":\"ListItem\",\"position\":3,\"name\":\"Tableta de Chocolate 74% India\"}]},{\"@type\":\"WebSite\",\"@id\":\"https:\\\/\\\/maychoco.es\\\/en\\\/#website\",\"url\":\"https:\\\/\\\/maychoco.es\\\/en\\\/\",\"name\":\"Maychoco\",\"description\":\"Obrador de chocolate Bean to Bar\",\"publisher\":{\"@id\":\"https:\\\/\\\/maychoco.es\\\/en\\\/#organization\"},\"potentialAction\":[{\"@type\":\"SearchAction\",\"target\":{\"@type\":\"EntryPoint\",\"urlTemplate\":\"https:\\\/\\\/maychoco.es\\\/en\\\/?s={search_term_string}\"},\"query-input\":{\"@type\":\"PropertyValueSpecification\",\"valueRequired\":true,\"valueName\":\"search_term_string\"}}],\"inLanguage\":\"en-US\"},{\"@type\":\"Organization\",\"@id\":\"https:\\\/\\\/maychoco.es\\\/en\\\/#organization\",\"name\":\"Maychoco\",\"url\":\"https:\\\/\\\/maychoco.es\\\/en\\\/\",\"logo\":{\"@type\":\"ImageObject\",\"inLanguage\":\"en-US\",\"@id\":\"https:\\\/\\\/maychoco.es\\\/en\\\/#\\\/schema\\\/logo\\\/image\\\/\",\"url\":\"https:\\\/\\\/maychoco.es\\\/wp-content\\\/uploads\\\/2025\\\/02\\\/logo1-e1738929401588.png\",\"contentUrl\":\"https:\\\/\\\/maychoco.es\\\/wp-content\\\/uploads\\\/2025\\\/02\\\/logo1-e1738929401588.png\",\"width\":551,\"height\":414,\"caption\":\"Maychoco\"},\"image\":{\"@id\":\"https:\\\/\\\/maychoco.es\\\/en\\\/#\\\/schema\\\/logo\\\/image\\\/\"},\"sameAs\":[\"https:\\\/\\\/www.facebook.com\\\/CHOCOLATESMAYCHOCO\\\/?locale=es_ES\",\"https:\\\/\\\/www.instagram.com\\\/chocolatesmaychoco\\\/\"]}]}<\/script>\n<!-- \/ Yoast SEO plugin. -->","yoast_head_json":{"title":"Tableta de Chocolate 74% India - Maychoco","description":"Un chocolate artesanal malague\u00f1o elaborado con cacao 74% de origen India. - Pruebalo ya!","robots":{"index":"noindex","follow":"follow"},"og_locale":"en_US","og_type":"article","og_title":"Tableta de Chocolate 74% India - Maychoco","og_description":"Un chocolate artesanal malague\u00f1o elaborado con cacao 74% de origen India. - Pruebalo ya!","og_url":"https:\/\/maychoco.es\/producto\/tableta-de-chocolate-74-india\/","og_site_name":"Maychoco","article_publisher":"https:\/\/www.facebook.com\/CHOCOLATESMAYCHOCO\/?locale=es_ES","article_modified_time":"2026-02-17T16:01:43+00:00","og_image":[{"width":1920,"height":1440,"url":"https:\/\/maychoco.es\/wp-content\/uploads\/2025\/11\/MAYCHOCO-india-con-tableta-scaled.jpg","type":"image\/jpeg"}],"twitter_card":"summary_large_image","twitter_misc":{"Est. reading time":"1 minute"},"schema":{"@context":"https:\/\/schema.org","@graph":[{"@type":"WebPage","@id":"https:\/\/maychoco.es\/producto\/tableta-de-chocolate-74-india\/","url":"https:\/\/maychoco.es\/producto\/tableta-de-chocolate-74-india\/","name":"Tableta de Chocolate 74% India - Maychoco","isPartOf":{"@id":"https:\/\/maychoco.es\/en\/#website"},"primaryImageOfPage":{"@id":"https:\/\/maychoco.es\/producto\/tableta-de-chocolate-74-india\/#primaryimage"},"image":{"@id":"https:\/\/maychoco.es\/producto\/tableta-de-chocolate-74-india\/#primaryimage"},"thumbnailUrl":"https:\/\/maychoco.es\/wp-content\/uploads\/2025\/11\/MAYCHOCO-india-con-tableta-scaled.jpg","datePublished":"2025-11-20T18:18:51+00:00","dateModified":"2026-02-17T16:01:43+00:00","description":"Un chocolate artesanal malague\u00f1o elaborado con cacao 74% de origen India. - Pruebalo ya!","breadcrumb":{"@id":"https:\/\/maychoco.es\/producto\/tableta-de-chocolate-74-india\/#breadcrumb"},"inLanguage":"en-US","potentialAction":[{"@type":"ReadAction","target":["https:\/\/maychoco.es\/producto\/tableta-de-chocolate-74-india\/"]}]},{"@type":"ImageObject","inLanguage":"en-US","@id":"https:\/\/maychoco.es\/producto\/tableta-de-chocolate-74-india\/#primaryimage","url":"https:\/\/maychoco.es\/wp-content\/uploads\/2025\/11\/MAYCHOCO-india-con-tableta-scaled.jpg","contentUrl":"https:\/\/maychoco.es\/wp-content\/uploads\/2025\/11\/MAYCHOCO-india-con-tableta-scaled.jpg","width":1920,"height":1440},{"@type":"BreadcrumbList","@id":"https:\/\/maychoco.es\/producto\/tableta-de-chocolate-74-india\/#breadcrumb","itemListElement":[{"@type":"ListItem","position":1,"name":"Portada","item":"https:\/\/maychoco.es\/en\/home\/"},{"@type":"ListItem","position":2,"name":"Shop","item":"https:\/\/maychoco.es\/shop\/"},{"@type":"ListItem","position":3,"name":"Tableta de Chocolate 74% India"}]},{"@type":"WebSite","@id":"https:\/\/maychoco.es\/en\/#website","url":"https:\/\/maychoco.es\/en\/","name":"Maychoco","description":"Obrador de chocolate Bean to Bar","publisher":{"@id":"https:\/\/maychoco.es\/en\/#organization"},"potentialAction":[{"@type":"SearchAction","target":{"@type":"EntryPoint","urlTemplate":"https:\/\/maychoco.es\/en\/?s={search_term_string}"},"query-input":{"@type":"PropertyValueSpecification","valueRequired":true,"valueName":"search_term_string"}}],"inLanguage":"en-US"},{"@type":"Organization","@id":"https:\/\/maychoco.es\/en\/#organization","name":"Maychoco","url":"https:\/\/maychoco.es\/en\/","logo":{"@type":"ImageObject","inLanguage":"en-US","@id":"https:\/\/maychoco.es\/en\/#\/schema\/logo\/image\/","url":"https:\/\/maychoco.es\/wp-content\/uploads\/2025\/02\/logo1-e1738929401588.png","contentUrl":"https:\/\/maychoco.es\/wp-content\/uploads\/2025\/02\/logo1-e1738929401588.png","width":551,"height":414,"caption":"Maychoco"},"image":{"@id":"https:\/\/maychoco.es\/en\/#\/schema\/logo\/image\/"},"sameAs":["https:\/\/www.facebook.com\/CHOCOLATESMAYCHOCO\/?locale=es_ES","https:\/\/www.instagram.com\/chocolatesmaychoco\/"]}]}},"_links":{"self":[{"href":"https:\/\/maychoco.es\/en\/wp-json\/wp\/v2\/product\/4896","targetHints":{"allow":["GET"]}}],"collection":[{"href":"https:\/\/maychoco.es\/en\/wp-json\/wp\/v2\/product"}],"about":[{"href":"https:\/\/maychoco.es\/en\/wp-json\/wp\/v2\/types\/product"}],"replies":[{"embeddable":true,"href":"https:\/\/maychoco.es\/en\/wp-json\/wp\/v2\/comments?post=4896"}],"wp:featuredmedia":[{"embeddable":true,"href":"https:\/\/maychoco.es\/en\/wp-json\/wp\/v2\/media\/5192"}],"wp:attachment":[{"href":"https:\/\/maychoco.es\/en\/wp-json\/wp\/v2\/media?parent=4896"}],"wp:term":[{"taxonomy":"product_brand","embeddable":true,"href":"https:\/\/maychoco.es\/en\/wp-json\/wp\/v2\/product_brand?post=4896"},{"taxonomy":"product_cat","embeddable":true,"href":"https:\/\/maychoco.es\/en\/wp-json\/wp\/v2\/product_cat?post=4896"},{"taxonomy":"product_tag","embeddable":true,"href":"https:\/\/maychoco.es\/en\/wp-json\/wp\/v2\/product_tag?post=4896"}],"curies":[{"name":"wp","href":"https:\/\/api.w.org\/{rel}","templated":true}]}}