{"id":5122,"date":"2026-01-29T14:35:52","date_gmt":"2026-01-29T12:35:52","guid":{"rendered":"https:\/\/maychoco.es\/?post_type=product&#038;p=5122"},"modified":"2026-03-19T12:42:43","modified_gmt":"2026-03-19T10:42:43","slug":"bombones-especial-san-valentin","status":"publish","type":"product","link":"https:\/\/maychoco.es\/producto\/bombones-especial-san-valentin\/","title":{"rendered":"Bombones especial San Valent\u00edn"},"content":{"rendered":"<p>Una edici\u00f3n especial creada para celebrar el amor a trav\u00e9s del chocolate artesano.<\/p>\n<p>Este estuche re\u00fane 9 bombones con forma de coraz\u00f3n, elaborados a mano en nuestro obrador de M\u00e1laga, combinando tres tipos de chocolate con rellenos frutales llenos de matices:<\/p>\n<p>3 bombones de chocolate blanco con frutos rojos , suaves y cremosos<\/p>\n<p>3 bombones de chocolate con leche con maracuy\u00e1 y naranja, equilibrados y redondos<\/p>\n<p>3 bombones de chocolate negro con frutos rojos, intensos y elegantes<\/p>\n<p>Cada uno de ellos se rellena con frutos rojos, naranja y maracuy\u00e1, creando un contraste delicado entre dulzor, acidez y aroma, pensado para sorprender en cada bocado.<\/p>\n<p>Un regalo perfecto para compartir, para decir \u201cte quiero\u201d o simplemente para disfrutar de un momento especial con chocolate de verdad.<\/p>\n<p>Producto artesanal \u00b7 Hecho en M\u00e1laga \u00b7 Edici\u00f3n especial San Valent\u00edn<\/p>\n","protected":false},"excerpt":{"rendered":"<p>Estuche de 9 bombones artesanos con forma de coraz\u00f3n, elaborados con chocolate blanco, con leche y negro, y rellenos de frutos rojos, naranja y maracuy\u00e1. Una edici\u00f3n especial San Valent\u00edn hecha a mano en M\u00e1laga. \ud83c\udf6b\u2764\ufe0f<\/p>\n","protected":false},"featured_media":5125,"comment_status":"closed","ping_status":"closed","template":"","meta":{"_acf_changed":false},"product_brand":[],"product_cat":[19],"product_tag":[],"class_list":{"0":"post-5122","1":"product","2":"type-product","3":"status-publish","4":"has-post-thumbnail","6":"product_cat-especialidades","8":"first","9":"outofstock","10":"taxable","11":"shipping-taxable","12":"purchasable","13":"product-type-simple"},"acf":[],"yoast_head":"<!-- This site is optimized with the Yoast SEO plugin v27.5 - https:\/\/yoast.com\/product\/yoast-seo-wordpress\/ -->\n<title>Bombones especial San Valent\u00edn - Maychoco<\/title>\n<meta name=\"robots\" content=\"noindex, follow\" \/>\n<meta property=\"og:locale\" content=\"en_US\" \/>\n<meta property=\"og:type\" content=\"article\" \/>\n<meta property=\"og:title\" content=\"Bombones especial San Valent\u00edn - Maychoco\" \/>\n<meta property=\"og:description\" content=\"Estuche de 9 bombones artesanos con forma de coraz\u00f3n, elaborados con chocolate blanco, con leche y negro, y rellenos de frutos rojos, naranja y maracuy\u00e1. Una edici\u00f3n especial San Valent\u00edn hecha a mano en M\u00e1laga. \ud83c\udf6b\u2764\ufe0f\" \/>\n<meta property=\"og:url\" content=\"https:\/\/maychoco.es\/producto\/bombones-especial-san-valentin\/\" \/>\n<meta property=\"og:site_name\" content=\"Maychoco\" \/>\n<meta property=\"article:publisher\" content=\"https:\/\/www.facebook.com\/CHOCOLATESMAYCHOCO\/?locale=es_ES\" \/>\n<meta property=\"article:modified_time\" content=\"2026-03-19T10:42:43+00:00\" \/>\n<meta property=\"og:image\" content=\"https:\/\/maychoco.es\/wp-content\/uploads\/2026\/01\/WhatsApp-Image-2026-01-29-at-13.11.54-2.jpeg\" \/>\n\t<meta property=\"og:image:width\" content=\"900\" \/>\n\t<meta property=\"og:image:height\" content=\"1600\" \/>\n\t<meta property=\"og:image:type\" content=\"image\/jpeg\" \/>\n<meta name=\"twitter:card\" content=\"summary_large_image\" \/>\n<meta name=\"twitter:label1\" content=\"Est. reading time\" \/>\n\t<meta name=\"twitter:data1\" content=\"1 minute\" \/>\n<script type=\"application\/ld+json\" class=\"yoast-schema-graph\">{\"@context\":\"https:\\\/\\\/schema.org\",\"@graph\":[{\"@type\":\"WebPage\",\"@id\":\"https:\\\/\\\/maychoco.es\\\/producto\\\/bombones-especial-san-valentin\\\/\",\"url\":\"https:\\\/\\\/maychoco.es\\\/producto\\\/bombones-especial-san-valentin\\\/\",\"name\":\"Bombones especial San Valent\u00edn - Maychoco\",\"isPartOf\":{\"@id\":\"https:\\\/\\\/maychoco.es\\\/en\\\/#website\"},\"primaryImageOfPage\":{\"@id\":\"https:\\\/\\\/maychoco.es\\\/producto\\\/bombones-especial-san-valentin\\\/#primaryimage\"},\"image\":{\"@id\":\"https:\\\/\\\/maychoco.es\\\/producto\\\/bombones-especial-san-valentin\\\/#primaryimage\"},\"thumbnailUrl\":\"https:\\\/\\\/maychoco.es\\\/wp-content\\\/uploads\\\/2026\\\/01\\\/WhatsApp-Image-2026-01-29-at-13.11.54-2.jpeg\",\"datePublished\":\"2026-01-29T12:35:52+00:00\",\"dateModified\":\"2026-03-19T10:42:43+00:00\",\"breadcrumb\":{\"@id\":\"https:\\\/\\\/maychoco.es\\\/producto\\\/bombones-especial-san-valentin\\\/#breadcrumb\"},\"inLanguage\":\"en-US\",\"potentialAction\":[{\"@type\":\"ReadAction\",\"target\":[\"https:\\\/\\\/maychoco.es\\\/producto\\\/bombones-especial-san-valentin\\\/\"]}]},{\"@type\":\"ImageObject\",\"inLanguage\":\"en-US\",\"@id\":\"https:\\\/\\\/maychoco.es\\\/producto\\\/bombones-especial-san-valentin\\\/#primaryimage\",\"url\":\"https:\\\/\\\/maychoco.es\\\/wp-content\\\/uploads\\\/2026\\\/01\\\/WhatsApp-Image-2026-01-29-at-13.11.54-2.jpeg\",\"contentUrl\":\"https:\\\/\\\/maychoco.es\\\/wp-content\\\/uploads\\\/2026\\\/01\\\/WhatsApp-Image-2026-01-29-at-13.11.54-2.jpeg\",\"width\":900,\"height\":1600},{\"@type\":\"BreadcrumbList\",\"@id\":\"https:\\\/\\\/maychoco.es\\\/producto\\\/bombones-especial-san-valentin\\\/#breadcrumb\",\"itemListElement\":[{\"@type\":\"ListItem\",\"position\":1,\"name\":\"Portada\",\"item\":\"https:\\\/\\\/maychoco.es\\\/en\\\/home\\\/\"},{\"@type\":\"ListItem\",\"position\":2,\"name\":\"Shop\",\"item\":\"https:\\\/\\\/maychoco.es\\\/shop\\\/\"},{\"@type\":\"ListItem\",\"position\":3,\"name\":\"Bombones especial San Valent\u00edn\"}]},{\"@type\":\"WebSite\",\"@id\":\"https:\\\/\\\/maychoco.es\\\/en\\\/#website\",\"url\":\"https:\\\/\\\/maychoco.es\\\/en\\\/\",\"name\":\"Maychoco\",\"description\":\"Obrador de chocolate Bean to Bar\",\"publisher\":{\"@id\":\"https:\\\/\\\/maychoco.es\\\/en\\\/#organization\"},\"potentialAction\":[{\"@type\":\"SearchAction\",\"target\":{\"@type\":\"EntryPoint\",\"urlTemplate\":\"https:\\\/\\\/maychoco.es\\\/en\\\/?s={search_term_string}\"},\"query-input\":{\"@type\":\"PropertyValueSpecification\",\"valueRequired\":true,\"valueName\":\"search_term_string\"}}],\"inLanguage\":\"en-US\"},{\"@type\":\"Organization\",\"@id\":\"https:\\\/\\\/maychoco.es\\\/en\\\/#organization\",\"name\":\"Maychoco\",\"url\":\"https:\\\/\\\/maychoco.es\\\/en\\\/\",\"logo\":{\"@type\":\"ImageObject\",\"inLanguage\":\"en-US\",\"@id\":\"https:\\\/\\\/maychoco.es\\\/en\\\/#\\\/schema\\\/logo\\\/image\\\/\",\"url\":\"https:\\\/\\\/maychoco.es\\\/wp-content\\\/uploads\\\/2025\\\/02\\\/logo1-e1738929401588.png\",\"contentUrl\":\"https:\\\/\\\/maychoco.es\\\/wp-content\\\/uploads\\\/2025\\\/02\\\/logo1-e1738929401588.png\",\"width\":551,\"height\":414,\"caption\":\"Maychoco\"},\"image\":{\"@id\":\"https:\\\/\\\/maychoco.es\\\/en\\\/#\\\/schema\\\/logo\\\/image\\\/\"},\"sameAs\":[\"https:\\\/\\\/www.facebook.com\\\/CHOCOLATESMAYCHOCO\\\/?locale=es_ES\",\"https:\\\/\\\/www.instagram.com\\\/chocolatesmaychoco\\\/\"]}]}<\/script>\n<!-- \/ Yoast SEO plugin. -->","yoast_head_json":{"title":"Bombones especial San Valent\u00edn - Maychoco","robots":{"index":"noindex","follow":"follow"},"og_locale":"en_US","og_type":"article","og_title":"Bombones especial San Valent\u00edn - Maychoco","og_description":"Estuche de 9 bombones artesanos con forma de coraz\u00f3n, elaborados con chocolate blanco, con leche y negro, y rellenos de frutos rojos, naranja y maracuy\u00e1. Una edici\u00f3n especial San Valent\u00edn hecha a mano en M\u00e1laga. \ud83c\udf6b\u2764\ufe0f","og_url":"https:\/\/maychoco.es\/producto\/bombones-especial-san-valentin\/","og_site_name":"Maychoco","article_publisher":"https:\/\/www.facebook.com\/CHOCOLATESMAYCHOCO\/?locale=es_ES","article_modified_time":"2026-03-19T10:42:43+00:00","og_image":[{"width":900,"height":1600,"url":"https:\/\/maychoco.es\/wp-content\/uploads\/2026\/01\/WhatsApp-Image-2026-01-29-at-13.11.54-2.jpeg","type":"image\/jpeg"}],"twitter_card":"summary_large_image","twitter_misc":{"Est. reading time":"1 minute"},"schema":{"@context":"https:\/\/schema.org","@graph":[{"@type":"WebPage","@id":"https:\/\/maychoco.es\/producto\/bombones-especial-san-valentin\/","url":"https:\/\/maychoco.es\/producto\/bombones-especial-san-valentin\/","name":"Bombones especial San Valent\u00edn - Maychoco","isPartOf":{"@id":"https:\/\/maychoco.es\/en\/#website"},"primaryImageOfPage":{"@id":"https:\/\/maychoco.es\/producto\/bombones-especial-san-valentin\/#primaryimage"},"image":{"@id":"https:\/\/maychoco.es\/producto\/bombones-especial-san-valentin\/#primaryimage"},"thumbnailUrl":"https:\/\/maychoco.es\/wp-content\/uploads\/2026\/01\/WhatsApp-Image-2026-01-29-at-13.11.54-2.jpeg","datePublished":"2026-01-29T12:35:52+00:00","dateModified":"2026-03-19T10:42:43+00:00","breadcrumb":{"@id":"https:\/\/maychoco.es\/producto\/bombones-especial-san-valentin\/#breadcrumb"},"inLanguage":"en-US","potentialAction":[{"@type":"ReadAction","target":["https:\/\/maychoco.es\/producto\/bombones-especial-san-valentin\/"]}]},{"@type":"ImageObject","inLanguage":"en-US","@id":"https:\/\/maychoco.es\/producto\/bombones-especial-san-valentin\/#primaryimage","url":"https:\/\/maychoco.es\/wp-content\/uploads\/2026\/01\/WhatsApp-Image-2026-01-29-at-13.11.54-2.jpeg","contentUrl":"https:\/\/maychoco.es\/wp-content\/uploads\/2026\/01\/WhatsApp-Image-2026-01-29-at-13.11.54-2.jpeg","width":900,"height":1600},{"@type":"BreadcrumbList","@id":"https:\/\/maychoco.es\/producto\/bombones-especial-san-valentin\/#breadcrumb","itemListElement":[{"@type":"ListItem","position":1,"name":"Portada","item":"https:\/\/maychoco.es\/en\/home\/"},{"@type":"ListItem","position":2,"name":"Shop","item":"https:\/\/maychoco.es\/shop\/"},{"@type":"ListItem","position":3,"name":"Bombones especial San Valent\u00edn"}]},{"@type":"WebSite","@id":"https:\/\/maychoco.es\/en\/#website","url":"https:\/\/maychoco.es\/en\/","name":"Maychoco","description":"Obrador de chocolate Bean to Bar","publisher":{"@id":"https:\/\/maychoco.es\/en\/#organization"},"potentialAction":[{"@type":"SearchAction","target":{"@type":"EntryPoint","urlTemplate":"https:\/\/maychoco.es\/en\/?s={search_term_string}"},"query-input":{"@type":"PropertyValueSpecification","valueRequired":true,"valueName":"search_term_string"}}],"inLanguage":"en-US"},{"@type":"Organization","@id":"https:\/\/maychoco.es\/en\/#organization","name":"Maychoco","url":"https:\/\/maychoco.es\/en\/","logo":{"@type":"ImageObject","inLanguage":"en-US","@id":"https:\/\/maychoco.es\/en\/#\/schema\/logo\/image\/","url":"https:\/\/maychoco.es\/wp-content\/uploads\/2025\/02\/logo1-e1738929401588.png","contentUrl":"https:\/\/maychoco.es\/wp-content\/uploads\/2025\/02\/logo1-e1738929401588.png","width":551,"height":414,"caption":"Maychoco"},"image":{"@id":"https:\/\/maychoco.es\/en\/#\/schema\/logo\/image\/"},"sameAs":["https:\/\/www.facebook.com\/CHOCOLATESMAYCHOCO\/?locale=es_ES","https:\/\/www.instagram.com\/chocolatesmaychoco\/"]}]}},"_links":{"self":[{"href":"https:\/\/maychoco.es\/en\/wp-json\/wp\/v2\/product\/5122","targetHints":{"allow":["GET"]}}],"collection":[{"href":"https:\/\/maychoco.es\/en\/wp-json\/wp\/v2\/product"}],"about":[{"href":"https:\/\/maychoco.es\/en\/wp-json\/wp\/v2\/types\/product"}],"replies":[{"embeddable":true,"href":"https:\/\/maychoco.es\/en\/wp-json\/wp\/v2\/comments?post=5122"}],"wp:featuredmedia":[{"embeddable":true,"href":"https:\/\/maychoco.es\/en\/wp-json\/wp\/v2\/media\/5125"}],"wp:attachment":[{"href":"https:\/\/maychoco.es\/en\/wp-json\/wp\/v2\/media?parent=5122"}],"wp:term":[{"taxonomy":"product_brand","embeddable":true,"href":"https:\/\/maychoco.es\/en\/wp-json\/wp\/v2\/product_brand?post=5122"},{"taxonomy":"product_cat","embeddable":true,"href":"https:\/\/maychoco.es\/en\/wp-json\/wp\/v2\/product_cat?post=5122"},{"taxonomy":"product_tag","embeddable":true,"href":"https:\/\/maychoco.es\/en\/wp-json\/wp\/v2\/product_tag?post=5122"}],"curies":[{"name":"wp","href":"https:\/\/api.w.org\/{rel}","templated":true}]}}